{"id":103123,"date":"2022-09-02T10:52:00","date_gmt":"2022-09-02T07:52:00","guid":{"rendered":"https:\/\/tankodromas.lt\/contact\/"},"modified":"2025-07-10T15:02:29","modified_gmt":"2025-07-10T12:02:29","slug":"contact","status":"publish","type":"page","link":"https:\/\/tankodromas.lt\/en\/contacts\/","title":{"rendered":"Contacts"},"content":{"rendered":"<p>[et_pb_section fb_built=&#8221;1&#8243; custom_padding_last_edited=&#8221;on|phone&#8221; _builder_version=&#8221;4.27.4&#8243; _module_preset=&#8221;default&#8221; background_color=&#8221;RGBA(255,255,255,0)&#8221; use_background_color_gradient=&#8221;on&#8221; background_color_gradient_stops=&#8221;#4c4c4c 0%|#4c4c4c 100%&#8221; background_image=&#8221;https:\/\/tankodromas.lt\/wp-content\/uploads\/2025\/03\/karinio-transporto-vairavimas-poligone-tankodromas.lt.jpg&#8221; background_blend=&#8221;overlay&#8221; custom_padding=&#8221;80px||||false|false&#8221; custom_padding_tablet=&#8221;54px||54px||true|false&#8221; custom_padding_phone=&#8221;54px||||false|false&#8221; locked=&#8221;off&#8221; global_colors_info=&#8221;{}&#8221;][et_pb_row _builder_version=&#8221;4.27.4&#8243; _module_preset=&#8221;74358327-3a79-4085-83f8-e38e01379a8a&#8221; global_colors_info=&#8221;{}&#8221;][et_pb_column type=&#8221;4_4&#8243; _builder_version=&#8221;4.21.0&#8243; _module_preset=&#8221;default&#8221; global_colors_info=&#8221;{}&#8221; custom_css_main_element_last_edited=&#8221;on|phone&#8221; custom_css_main_element_phone=&#8221;margin-bottom:30px !important;&#8221;][et_pb_text admin_label=&#8221;Title &#8221; _builder_version=&#8221;4.27.4&#8243; _dynamic_attributes=&#8221;content&#8221; _module_preset=&#8221;default&#8221; text_font=&#8221;Work Sans|800|||||||&#8221; text_text_color=&#8221;#FFFFFF&#8221; text_font_size=&#8221;45px&#8221; text_orientation=&#8221;center&#8221; custom_margin=&#8221;||||false|false&#8221; custom_margin_tablet=&#8221;||||false|false&#8221; custom_margin_phone=&#8221;||-30px||false|false&#8221; custom_margin_last_edited=&#8221;on|phone&#8221; custom_padding_tablet=&#8221;&#8221; custom_padding_phone=&#8221;||0px||false|false&#8221; custom_padding_last_edited=&#8221;on|phone&#8221; text_font_size_tablet=&#8221;45px&#8221; text_font_size_phone=&#8221;30px&#8221; text_font_size_last_edited=&#8221;on|phone&#8221; text_line_height_tablet=&#8221;&#8221; text_line_height_phone=&#8221;1.1em&#8221; text_line_height_last_edited=&#8221;on|tablet&#8221; text_orientation_phone=&#8221;left&#8221; text_orientation_last_edited=&#8221;off|desktop&#8221; text_text_shadow_style=&#8221;preset4&#8243; text_text_shadow_color=&#8221;#000A00&#8243; global_colors_info=&#8221;{}&#8221;]@ET-DC@eyJkeW5hbWljIjp0cnVlLCJjb250ZW50IjoicG9zdF90aXRsZSIsInNldHRpbmdzIjp7ImJlZm9yZSI6IiIsImFmdGVyIjoiIiwiZW5hYmxlX2h0bWwiOiJvZmYifX0=@[\/et_pb_text][\/et_pb_column][\/et_pb_row][\/et_pb_section][et_pb_section fb_built=&#8221;1&#8243; _builder_version=&#8221;4.27.4&#8243; _module_preset=&#8221;default&#8221; background_color=&#8221;rgba(22,51,45,0.03)&#8221; custom_padding=&#8221;0px||0px||false|false&#8221; global_colors_info=&#8221;{}&#8221;][et_pb_row column_structure=&#8221;1_3,1_3,1_3&#8243; _builder_version=&#8221;4.27.4&#8243; _module_preset=&#8221;default&#8221; global_colors_info=&#8221;{}&#8221;][et_pb_column type=&#8221;1_3&#8243; _builder_version=&#8221;4.27.4&#8243; _module_preset=&#8221;default&#8221; global_colors_info=&#8221;{}&#8221;][et_pb_blurb title=&#8221;Opening hours&#8221; use_icon=&#8221;on&#8221; font_icon=&#8221;&#x7d;||divi||400&#8243; icon_color=&#8221;#16332D&#8221; image_icon_width=&#8221;35px&#8221; _builder_version=&#8221;4.27.4&#8243; _module_preset=&#8221;default&#8221; body_link_text_color=&#8221;#6E1926&#8243; text_orientation=&#8221;center&#8221; custom_padding=&#8221;10px|10px|10px|10px|false|false&#8221; border_color_all=&#8221;#303030&#8243; global_colors_info=&#8221;{}&#8221;]<\/p>\n<p>Saturdays 10:00 &#8211; 17:00<\/p>\n<p>On other days, the museum is open for bookings of EUR 350 or more. Pre-registration is always required. <\/p>\n<p>DIRECTIONS TO<br \/><strong><a href=\"https:\/\/ul.waze.com\/ul?place=ChIJjXEHkNjD3UYRinjISGRrCik&amp;ll=54.49978600%2C25.33730700&amp;navigate=yes&amp;utm_campaign=default&amp;utm_source=waze_website&amp;utm_medium=lm_share_location\">WAZE<\/a> | <a href=\"https:\/\/goo.gl\/maps\/Znek9wUhsC5qAR2P7\">GOOGLE MAPS<\/a><\/strong><\/p>\n<p>[\/et_pb_blurb][\/et_pb_column][et_pb_column type=&#8221;1_3&#8243; _builder_version=&#8221;4.27.4&#8243; _module_preset=&#8221;default&#8221; global_colors_info=&#8221;{}&#8221;][et_pb_blurb title=&#8221;Contacts&#8221; use_icon=&#8221;on&#8221; font_icon=&#8221;&#xe00b;||divi||400&#8243; icon_color=&#8221;#16332D&#8221; image_icon_width=&#8221;35px&#8221; _builder_version=&#8221;4.27.4&#8243; _module_preset=&#8221;default&#8221; body_link_text_color=&#8221;#6E1926&#8243; text_orientation=&#8221;center&#8221; custom_padding=&#8221;10px|10px|10px|10px|false|false&#8221; border_color_all=&#8221;#303030&#8243; global_colors_info=&#8221;{}&#8221;]<\/p>\n<p>Tel. <a href=\"tel:069919931\">+370-699-19931<\/a><br \/>Email: <a href=\"mailto:info@tankodromas.lt\">info@tankodromas.lt<\/a> <\/p>\n<p>[\/et_pb_blurb][\/et_pb_column][et_pb_column type=&#8221;1_3&#8243; _builder_version=&#8221;4.27.4&#8243; _module_preset=&#8221;default&#8221; global_colors_info=&#8221;{}&#8221;][et_pb_contact_form use_spam_service=&#8221;on&#8221; recaptcha_list=&#8221;Tankodromas-0&#8243; email=&#8221;info@tankodromas.lt&#8221; title=&#8221;Write to us&#8221; custom_message=&#8221;You have received a message from Tankodromas.lt &#8211; Contact:||et_pb_line_break_holder||||et_pb_line_break_holder||First name: %%Name%%||et_pb_line_break_holder|||Email: %%Email%%||et_pb_line_break_holder|| Message: %%Message%%||et_pb_line_break_holder||||et_pb_line_break_holder||&#8212;&#8212;&#8212;&#8211;|||et_pb_line_break_holder|||Tankodromas.lt &#8211; Contact page &#8221; success_message=&#8221;&lt;p&gt;Thank you, your data has been received.&lt;\/p&gt;&#8221; submit_button_text=&#8221;Send&#8221; _builder_version=&#8221;4.27.4&#8243; _module_preset=&#8221;default&#8221; _unique_id=&#8221;6a57b52b-6df9-4528-b425-96859de38e7e&#8221; custom_button=&#8221;on&#8221; button_text_color=&#8221;#ffffff&#8221; button_bg_color=&#8221;#16332D&#8221; button_border_width=&#8221;0px&#8221; hover_enabled=&#8221;0&#8243; admin_email_subject=&#8221;Gavote \u017einut\u0119 i\u0161 svetain\u0117s Tankodromas.lt &#8211; Kontaktai:&#8221; admin_email_from_name=&#8221;tankodromas.lt&#8221; save_files_to_media=&#8221;on&#8221; submit_button_wait_text=&#8221;Pra\u0161ome palaukti&#8221; global_colors_info=&#8221;{}&#8221; button_bg_color__hover_enabled=&#8221;on|hover&#8221; button_bg_color__hover=&#8221;#303030&#8243; button_bg_enable_color__hover=&#8221;on&#8221; sticky_enabled=&#8221;0&#8243;][et_pb_contact_field field_id=&#8221;Name&#8221; field_title=&#8221;Name&#8221; _builder_version=&#8221;4.27.4&#8243; global_colors_info=&#8221;{}&#8221; button_text_size__hover_enabled=&#8221;off&#8221; button_one_text_size__hover_enabled=&#8221;off&#8221; button_two_text_size__hover_enabled=&#8221;off&#8221; button_text_color__hover_enabled=&#8221;off&#8221; button_one_text_color__hover_enabled=&#8221;off&#8221; button_two_text_color__hover_enabled=&#8221;off&#8221; button_border_width__hover_enabled=&#8221;off&#8221; button_one_border_width__hover_enabled=&#8221;off&#8221; button_two_border_width__hover_enabled=&#8221;off&#8221; button_border_color__hover_enabled=&#8221;off&#8221; button_one_border_color__hover_enabled=&#8221;off&#8221; button_two_border_color__hover_enabled=&#8221;off&#8221; button_border_radius__hover_enabled=&#8221;off&#8221; button_one_border_radius__hover_enabled=&#8221;off&#8221; button_two_border_radius__hover_enabled=&#8221;off&#8221; button_letter_spacing__hover_enabled=&#8221;off&#8221; button_one_letter_spacing__hover_enabled=&#8221;off&#8221; button_two_letter_spacing__hover_enabled=&#8221;off&#8221; button_bg_color__hover_enabled=&#8221;off&#8221; button_one_bg_color__hover_enabled=&#8221;off&#8221; button_two_bg_color__hover_enabled=&#8221;off&#8221;][\/et_pb_contact_field][et_pb_contact_field field_id=&#8221;Email&#8221; field_title=&#8221;Your email address &#8221; field_type=&#8221;email&#8221; _builder_version=&#8221;4.27.4&#8243; global_colors_info=&#8221;{}&#8221; button_text_size__hover_enabled=&#8221;off&#8221; button_one_text_size__hover_enabled=&#8221;off&#8221; button_two_text_size__hover_enabled=&#8221;off&#8221; button_text_color__hover_enabled=&#8221;off&#8221; button_one_text_color__hover_enabled=&#8221;off&#8221; button_two_text_color__hover_enabled=&#8221;off&#8221; button_border_width__hover_enabled=&#8221;off&#8221; button_one_border_width__hover_enabled=&#8221;off&#8221; button_two_border_width__hover_enabled=&#8221;off&#8221; button_border_color__hover_enabled=&#8221;off&#8221; button_one_border_color__hover_enabled=&#8221;off&#8221; button_two_border_color__hover_enabled=&#8221;off&#8221; button_border_radius__hover_enabled=&#8221;off&#8221; button_one_border_radius__hover_enabled=&#8221;off&#8221; button_two_border_radius__hover_enabled=&#8221;off&#8221; button_letter_spacing__hover_enabled=&#8221;off&#8221; button_one_letter_spacing__hover_enabled=&#8221;off&#8221; button_two_letter_spacing__hover_enabled=&#8221;off&#8221; button_bg_color__hover_enabled=&#8221;off&#8221; button_one_bg_color__hover_enabled=&#8221;off&#8221; button_two_bg_color__hover_enabled=&#8221;off&#8221;][\/et_pb_contact_field][et_pb_contact_field field_id=&#8221;Message&#8221; field_title=&#8221;Message to&#8221; field_type=&#8221;text&#8221; fullwidth_field=&#8221;on&#8221; _builder_version=&#8221;4.27.4&#8243; global_colors_info=&#8221;{}&#8221; button_text_size__hover_enabled=&#8221;off&#8221; button_one_text_size__hover_enabled=&#8221;off&#8221; button_two_text_size__hover_enabled=&#8221;off&#8221; button_text_color__hover_enabled=&#8221;off&#8221; button_one_text_color__hover_enabled=&#8221;off&#8221; button_two_text_color__hover_enabled=&#8221;off&#8221; button_border_width__hover_enabled=&#8221;off&#8221; button_one_border_width__hover_enabled=&#8221;off&#8221; button_two_border_width__hover_enabled=&#8221;off&#8221; button_border_color__hover_enabled=&#8221;off&#8221; button_one_border_color__hover_enabled=&#8221;off&#8221; button_two_border_color__hover_enabled=&#8221;off&#8221; button_border_radius__hover_enabled=&#8221;off&#8221; button_one_border_radius__hover_enabled=&#8221;off&#8221; button_two_border_radius__hover_enabled=&#8221;off&#8221; button_letter_spacing__hover_enabled=&#8221;off&#8221; button_one_letter_spacing__hover_enabled=&#8221;off&#8221; button_two_letter_spacing__hover_enabled=&#8221;off&#8221; button_bg_color__hover_enabled=&#8221;off&#8221; button_one_bg_color__hover_enabled=&#8221;off&#8221; button_two_bg_color__hover_enabled=&#8221;off&#8221;][\/et_pb_contact_field][\/et_pb_contact_form][\/et_pb_column][\/et_pb_row][\/et_pb_section][et_pb_section fb_built=&#8221;1&#8243; _builder_version=&#8221;4.27.4&#8243; _module_preset=&#8221;default&#8221; custom_margin=&#8221;0px|0px|0px|0px|false|false&#8221; custom_padding=&#8221;0px|0px|0px|0px|false|false&#8221; global_colors_info=&#8221;{}&#8221;][et_pb_row _builder_version=&#8221;4.27.4&#8243; _module_preset=&#8221;default&#8221; width=&#8221;100%&#8221; max_width=&#8221;100%&#8221; custom_margin=&#8221;0px|0px|0px|0px|false|false&#8221; custom_padding=&#8221;0px|0px|0px|0px|false|false&#8221; global_colors_info=&#8221;{}&#8221;][et_pb_column type=&#8221;4_4&#8243; _builder_version=&#8221;4.27.4&#8243; _module_preset=&#8221;default&#8221; global_colors_info=&#8221;{}&#8221;][et_pb_map address=&#8221;Pamaraziai, 13244 Marijampolis, Lithuania&#8221; zoom_level=&#8221;13&#8243; address_lat=&#8221;54.499786&#8243; address_lng=&#8221;25.337307&#8243; _builder_version=&#8221;4.27.4&#8243; _module_preset=&#8221;default&#8221; filter_hue_rotate=&#8221;350deg&#8221; filter_saturate=&#8221;70%&#8221; global_colors_info=&#8221;{}&#8221; filter_invert__hover_enabled=&#8221;off|desktop&#8221;][et_pb_map_pin title=&#8221;tankodromas.lt&#8221; pin_address=&#8221;Pamaraziai, 13244 Marijampolis, Lithuania&#8221; zoom_level=&#8221;15&#8243; pin_address_lat=&#8221;54.499786&#8243; pin_address_lng=&#8221;25.337307&#8243; _builder_version=&#8221;4.27.4&#8243; _module_preset=&#8221;default&#8221; global_colors_info=&#8221;{}&#8221;]Vilnius district, Pamaraziai village, 13244[\/et_pb_map_pin][\/et_pb_map][\/et_pb_column][\/et_pb_row][\/et_pb_section][et_pb_section fb_built=&#8221;1&#8243; disabled_on=&#8221;on|on|on&#8221; _builder_version=&#8221;4.22.1&#8243; _module_preset=&#8221;default&#8221; background_color=&#8221;rgba(0,0,0,0.68)&#8221; background_image=&#8221;https:\/\/tankodromas.lt\/wp-content\/uploads\/2025\/02\/Travel_agency_img_3.jpg&#8221; background_blend=&#8221;overlay&#8221; custom_margin_tablet=&#8221;&#8221; custom_margin_phone=&#8221;||||false|false&#8221; custom_margin_last_edited=&#8221;on|phone&#8221; custom_padding=&#8221;||||false|false&#8221; disabled=&#8221;on&#8221; locked=&#8221;off&#8221; global_colors_info=&#8221;{}&#8221;][et_pb_row column_structure=&#8221;2_3,1_3&#8243; use_custom_gutter=&#8221;on&#8221; make_equal=&#8221;on&#8221; _builder_version=&#8221;4.21.0&#8243; _module_preset=&#8221;default&#8221; custom_padding=&#8221;0px||0px||true|false&#8221; global_colors_info=&#8221;{}&#8221;][et_pb_column type=&#8221;2_3&#8243; _builder_version=&#8221;4.21.0&#8243; _module_preset=&#8221;default&#8221; global_colors_info=&#8221;{}&#8221;][et_pb_text admin_label=&#8221;Title&#8221; _builder_version=&#8221;4.22.2&#8243; _module_preset=&#8221;default&#8221; header_font=&#8221;|700|||||||&#8221; header_text_align=&#8221;left&#8221; header_text_color=&#8221;#FFFFFF&#8221; header_font_size=&#8221;42px&#8221; header_3_font=&#8221;|600|||||||&#8221; header_3_text_color=&#8221;#FFFFFF&#8221; header_3_font_size=&#8221;30px&#8221; header_3_line_height=&#8221;1.3em&#8221; custom_margin=&#8221;||10px||false|false&#8221; custom_margin_tablet=&#8221;||20px||false|false&#8221; custom_margin_phone=&#8221;&#8221; custom_margin_last_edited=&#8221;on|tablet&#8221; header_font_size_tablet=&#8221;42px&#8221; header_font_size_phone=&#8221;30px&#8221; header_font_size_last_edited=&#8221;on|phone&#8221; header_line_height_tablet=&#8221;&#8221; header_line_height_phone=&#8221;1.2em&#8221; header_line_height_last_edited=&#8221;on|phone&#8221; header_3_text_align_tablet=&#8221;&#8221; header_3_text_align_phone=&#8221;center&#8221; header_3_text_align_last_edited=&#8221;on|phone&#8221; header_3_font_size_tablet=&#8221;30px&#8221; header_3_font_size_phone=&#8221;22px&#8221; header_3_font_size_last_edited=&#8221;on|phone&#8221; header_3_line_height_tablet=&#8221;1.3em&#8221; header_3_line_height_phone=&#8221;1.4em&#8221; header_3_line_height_last_edited=&#8221;on|phone&#8221; custom_css_main_element=&#8221;||&#8221; locked=&#8221;off&#8221; global_colors_info=&#8221;{}&#8221;]<\/p>\n<h3>Contact to require a detailed analysis and assessment of your plan.We&#8217;re available for 24*7.<\/h3>\n<p>[\/et_pb_text][et_pb_text _builder_version=&#8221;4.22.1&#8243; _module_preset=&#8221;default&#8221; text_text_color=&#8221;#FFFFFF&#8221; text_font_size=&#8221;16px&#8221; text_line_height=&#8221;1.5em&#8221; custom_margin=&#8221;||15px||false|false&#8221; custom_margin_tablet=&#8221;||0px||false|false&#8221; custom_margin_phone=&#8221;-10px||0px||false|false&#8221; custom_margin_last_edited=&#8221;on|phone&#8221; custom_padding=&#8221;0px||||false|false&#8221; text_font_size_tablet=&#8221;&#8221; text_font_size_phone=&#8221;15px&#8221; text_font_size_last_edited=&#8221;on|phone&#8221; text_orientation_tablet=&#8221;&#8221; text_orientation_phone=&#8221;center&#8221; text_orientation_last_edited=&#8221;on|phone&#8221; locked=&#8221;off&#8221; global_colors_info=&#8221;{}&#8221;]Lorem ipsum dolor sit amet, consectetur adipisicing elit sed do eiusmod tempor incididunt ut labore et dolore magna aliqua. quis nostrud exercitation.[\/et_pb_text][\/et_pb_column][et_pb_column type=&#8221;1_3&#8243; _builder_version=&#8221;4.21.0&#8243; _module_preset=&#8221;default&#8221; global_colors_info=&#8221;{}&#8221;][et_pb_icon font_icon=&#8221;&#xf879;||fa||900&#8243; icon_color=&#8221;#000a00&#8243; icon_width=&#8221;50px&#8221; _builder_version=&#8221;4.22.1&#8243; _module_preset=&#8221;default&#8221; global_colors_info=&#8221;{}&#8221;][\/et_pb_icon][et_pb_text _builder_version=&#8221;4.21.0&#8243; _module_preset=&#8221;default&#8221; text_text_color=&#8221;#FFFFFF&#8221; text_font_size=&#8221;30px&#8221; text_orientation=&#8221;center&#8221; global_colors_info=&#8221;{}&#8221;]+1-2345-6789-33[\/et_pb_text][et_pb_button button_text=&#8221;Contact Us&#8221; button_alignment=&#8221;center&#8221; module_class=&#8221;light&#8221; _builder_version=&#8221;4.21.0&#8243; _module_preset=&#8221;default&#8221; custom_button=&#8221;on&#8221; button_text_size=&#8221;16px&#8221; button_text_color=&#8221;#000000&#8243; button_border_width=&#8221;0px&#8221; button_border_radius=&#8221;5px&#8221; button_icon=&#8221;&#x24;||divi||400&#8243; custom_padding=&#8221;10px|40px|10px|40px|true|true&#8221; button_text_color_tablet=&#8221;#000000&#8243; button_text_color_phone=&#8221;#000000&#8243; button_text_color_last_edited=&#8221;on|desktop&#8221; custom_css_main_element=&#8221;||position: relative;||transition: all ease .5s;||color:#000!important;||&#8221; locked=&#8221;off&#8221; global_colors_info=&#8221;{}&#8221; custom_css_main_element_last_edited=&#8221;on|desktop&#8221; custom_css_main_element__hover_enabled=&#8221;on|desktop&#8221; button_text_color__hover_enabled=&#8221;on|hover&#8221; button_text_color__hover=&#8221;#FFFFFF&#8221; button_bg_color__hover_enabled=&#8221;on|hover&#8221; custom_css_main_element_tablet=&#8221;||position: relative;||transition: all ease .5s;||color:#000!important;||&#8221; custom_css_main_element_phone=&#8221;||position: relative;||transition: all ease .5s;||color:#000!important;||&#8221; custom_css_main_element__hover=&#8221;||position: relative;||transition: all ease .5s;||color:#000!important;||&#8221;][\/et_pb_button][\/et_pb_column][\/et_pb_row][\/et_pb_section]<\/p>\n","protected":false},"excerpt":{"rendered":"<p>Saturdays 10:00 &#8211; 17:00 On other days, the museum is open for bookings of EUR 350 or more. Pre-registration is always required. DIRECTIONS TOWAZE | GOOGLE MAPSTel. +370-699-19931Email: info@tankodromas.lt Vilnius district, Pamaraziai village, 13244Contact to require a detailed analysis and assessment of your plan.We&#8217;re available for 24*7. Lorem ipsum dolor sit amet, consectetur adipisicing elit sed do eiusmod tempor incididunt ut labore et dolore magna aliqua. quis nostrud exercitation.+1-2345-6789-33<\/p>\n","protected":false},"author":1,"featured_media":0,"parent":0,"menu_order":0,"comment_status":"closed","ping_status":"closed","template":"","meta":{"_acf_changed":false,"_et_pb_use_builder":"on","_et_pb_old_content":"","_et_gb_content_width":"","footnotes":""},"class_list":["post-103123","page","type-page","status-publish","hentry"],"acf":[],"yoast_head":"<!-- This site is optimized with the Yoast SEO plugin v27.4 - https:\/\/yoast.com\/product\/yoast-seo-wordpress\/ -->\n<title>Contacts - tankodromas.lt<\/title>\n<meta name=\"description\" content=\"Contact us to book military entertainment at the largest, private military training ground in the Baltic States. Book now.\" \/>\n<meta name=\"robots\" content=\"index, follow, max-snippet:-1, max-image-preview:large, max-video-preview:-1\" \/>\n<link rel=\"canonical\" href=\"https:\/\/tankodromas.lt\/en\/contacts\/\" \/>\n<meta property=\"og:locale\" content=\"en_US\" \/>\n<meta property=\"og:type\" content=\"article\" \/>\n<meta property=\"og:title\" content=\"Contacts - tankodromas.lt\" \/>\n<meta property=\"og:description\" content=\"Contact us to book military entertainment at the largest, private military training ground in the Baltic States. Book now.\" \/>\n<meta property=\"og:site_name\" content=\"tankodromas.lt\" \/>\n<meta property=\"article:publisher\" content=\"https:\/\/www.facebook.com\/Tanks.lt\/\" \/>\n<meta property=\"article:modified_time\" content=\"2025-07-10T12:02:29+00:00\" \/>\n<meta name=\"twitter:card\" content=\"summary_large_image\" \/>\n<meta name=\"twitter:label1\" content=\"Est. reading time\" \/>\n\t<meta name=\"twitter:data1\" content=\"10 minutes\" \/>\n<script type=\"application\/ld+json\" class=\"yoast-schema-graph\">{\"@context\":\"https:\\\/\\\/schema.org\",\"@graph\":[{\"@type\":\"WebPage\",\"@id\":\"https:\\\/\\\/tankodromas.lt\\\/en\\\/contacts\\\/\",\"url\":\"https:\\\/\\\/tankodromas.lt\\\/en\\\/contacts\\\/\",\"name\":\"Contacts - tankodromas.lt\",\"isPartOf\":{\"@id\":\"https:\\\/\\\/tankodromas.lt\\\/en\\\/#website\"},\"datePublished\":\"2022-09-02T07:52:00+00:00\",\"dateModified\":\"2025-07-10T12:02:29+00:00\",\"description\":\"Contact us to book military entertainment at the largest, private military training ground in the Baltic States. Book now.\",\"breadcrumb\":{\"@id\":\"https:\\\/\\\/tankodromas.lt\\\/en\\\/contacts\\\/#breadcrumb\"},\"inLanguage\":\"en-US\",\"potentialAction\":[{\"@type\":\"ReadAction\",\"target\":[\"https:\\\/\\\/tankodromas.lt\\\/en\\\/contacts\\\/\"]}]},{\"@type\":\"BreadcrumbList\",\"@id\":\"https:\\\/\\\/tankodromas.lt\\\/en\\\/contacts\\\/#breadcrumb\",\"itemListElement\":[{\"@type\":\"ListItem\",\"position\":1,\"name\":\"Home\",\"item\":\"https:\\\/\\\/tankodromas.lt\\\/en\\\/tankodromas-military-museum\\\/\"},{\"@type\":\"ListItem\",\"position\":2,\"name\":\"Contacts\"}]},{\"@type\":\"WebSite\",\"@id\":\"https:\\\/\\\/tankodromas.lt\\\/en\\\/#website\",\"url\":\"https:\\\/\\\/tankodromas.lt\\\/en\\\/\",\"name\":\"tankodromas.lt\",\"description\":\"Pasijusk tikru tankistu - Vairuok karin\u0119 technik\u0105\",\"publisher\":{\"@id\":\"https:\\\/\\\/tankodromas.lt\\\/en\\\/#organization\"},\"potentialAction\":[{\"@type\":\"SearchAction\",\"target\":{\"@type\":\"EntryPoint\",\"urlTemplate\":\"https:\\\/\\\/tankodromas.lt\\\/en\\\/?s={search_term_string}\"},\"query-input\":{\"@type\":\"PropertyValueSpecification\",\"valueRequired\":true,\"valueName\":\"search_term_string\"}}],\"inLanguage\":\"en-US\"},{\"@type\":\"Organization\",\"@id\":\"https:\\\/\\\/tankodromas.lt\\\/en\\\/#organization\",\"name\":\"tankodromas.lt\",\"url\":\"https:\\\/\\\/tankodromas.lt\\\/en\\\/\",\"logo\":{\"@type\":\"ImageObject\",\"inLanguage\":\"en-US\",\"@id\":\"https:\\\/\\\/tankodromas.lt\\\/en\\\/#\\\/schema\\\/logo\\\/image\\\/\",\"url\":\"https:\\\/\\\/tankodromas.lt\\\/wp-content\\\/uploads\\\/2025\\\/03\\\/logo-horiz.png\",\"contentUrl\":\"https:\\\/\\\/tankodromas.lt\\\/wp-content\\\/uploads\\\/2025\\\/03\\\/logo-horiz.png\",\"width\":1475,\"height\":609,\"caption\":\"tankodromas.lt\"},\"image\":{\"@id\":\"https:\\\/\\\/tankodromas.lt\\\/en\\\/#\\\/schema\\\/logo\\\/image\\\/\"},\"sameAs\":[\"https:\\\/\\\/www.facebook.com\\\/Tanks.lt\\\/\",\"https:\\\/\\\/www.youtube.com\\\/@tankodromasvilnius9687\"]}]}<\/script>\n<!-- \/ Yoast SEO plugin. -->","yoast_head_json":{"title":"Contacts - tankodromas.lt","description":"Contact us to book military entertainment at the largest, private military training ground in the Baltic States. Book now.","robots":{"index":"index","follow":"follow","max-snippet":"max-snippet:-1","max-image-preview":"max-image-preview:large","max-video-preview":"max-video-preview:-1"},"canonical":"https:\/\/tankodromas.lt\/en\/contacts\/","og_locale":"en_US","og_type":"article","og_title":"Contacts - tankodromas.lt","og_description":"Contact us to book military entertainment at the largest, private military training ground in the Baltic States. Book now.","og_site_name":"tankodromas.lt","article_publisher":"https:\/\/www.facebook.com\/Tanks.lt\/","article_modified_time":"2025-07-10T12:02:29+00:00","twitter_card":"summary_large_image","twitter_misc":{"Est. reading time":"10 minutes"},"schema":{"@context":"https:\/\/schema.org","@graph":[{"@type":"WebPage","@id":"https:\/\/tankodromas.lt\/en\/contacts\/","url":"https:\/\/tankodromas.lt\/en\/contacts\/","name":"Contacts - tankodromas.lt","isPartOf":{"@id":"https:\/\/tankodromas.lt\/en\/#website"},"datePublished":"2022-09-02T07:52:00+00:00","dateModified":"2025-07-10T12:02:29+00:00","description":"Contact us to book military entertainment at the largest, private military training ground in the Baltic States. Book now.","breadcrumb":{"@id":"https:\/\/tankodromas.lt\/en\/contacts\/#breadcrumb"},"inLanguage":"en-US","potentialAction":[{"@type":"ReadAction","target":["https:\/\/tankodromas.lt\/en\/contacts\/"]}]},{"@type":"BreadcrumbList","@id":"https:\/\/tankodromas.lt\/en\/contacts\/#breadcrumb","itemListElement":[{"@type":"ListItem","position":1,"name":"Home","item":"https:\/\/tankodromas.lt\/en\/tankodromas-military-museum\/"},{"@type":"ListItem","position":2,"name":"Contacts"}]},{"@type":"WebSite","@id":"https:\/\/tankodromas.lt\/en\/#website","url":"https:\/\/tankodromas.lt\/en\/","name":"tankodromas.lt","description":"Pasijusk tikru tankistu - Vairuok karin\u0119 technik\u0105","publisher":{"@id":"https:\/\/tankodromas.lt\/en\/#organization"},"potentialAction":[{"@type":"SearchAction","target":{"@type":"EntryPoint","urlTemplate":"https:\/\/tankodromas.lt\/en\/?s={search_term_string}"},"query-input":{"@type":"PropertyValueSpecification","valueRequired":true,"valueName":"search_term_string"}}],"inLanguage":"en-US"},{"@type":"Organization","@id":"https:\/\/tankodromas.lt\/en\/#organization","name":"tankodromas.lt","url":"https:\/\/tankodromas.lt\/en\/","logo":{"@type":"ImageObject","inLanguage":"en-US","@id":"https:\/\/tankodromas.lt\/en\/#\/schema\/logo\/image\/","url":"https:\/\/tankodromas.lt\/wp-content\/uploads\/2025\/03\/logo-horiz.png","contentUrl":"https:\/\/tankodromas.lt\/wp-content\/uploads\/2025\/03\/logo-horiz.png","width":1475,"height":609,"caption":"tankodromas.lt"},"image":{"@id":"https:\/\/tankodromas.lt\/en\/#\/schema\/logo\/image\/"},"sameAs":["https:\/\/www.facebook.com\/Tanks.lt\/","https:\/\/www.youtube.com\/@tankodromasvilnius9687"]}]}},"_links":{"self":[{"href":"https:\/\/tankodromas.lt\/en\/wp-json\/wp\/v2\/pages\/103123","targetHints":{"allow":["GET"]}}],"collection":[{"href":"https:\/\/tankodromas.lt\/en\/wp-json\/wp\/v2\/pages"}],"about":[{"href":"https:\/\/tankodromas.lt\/en\/wp-json\/wp\/v2\/types\/page"}],"author":[{"embeddable":true,"href":"https:\/\/tankodromas.lt\/en\/wp-json\/wp\/v2\/users\/1"}],"replies":[{"embeddable":true,"href":"https:\/\/tankodromas.lt\/en\/wp-json\/wp\/v2\/comments?post=103123"}],"version-history":[{"count":7,"href":"https:\/\/tankodromas.lt\/en\/wp-json\/wp\/v2\/pages\/103123\/revisions"}],"predecessor-version":[{"id":103832,"href":"https:\/\/tankodromas.lt\/en\/wp-json\/wp\/v2\/pages\/103123\/revisions\/103832"}],"wp:attachment":[{"href":"https:\/\/tankodromas.lt\/en\/wp-json\/wp\/v2\/media?parent=103123"}],"curies":[{"name":"wp","href":"https:\/\/api.w.org\/{rel}","templated":true}]}}